{"id":1697,"date":"2019-03-21T07:24:10","date_gmt":"2019-03-21T07:24:10","guid":{"rendered":"https:\/\/www.abc-tourism.com\/about-us\/"},"modified":"2024-04-25T10:03:23","modified_gmt":"2024-04-25T10:03:23","slug":"o-nas","status":"publish","type":"page","link":"https:\/\/www.abc-tourism.com\/sl\/o-nas\/","title":{"rendered":"O NAS"},"content":{"rendered":"\n\n\t<h1>O nas<br \/>\n<\/h1>\n<h2>\n\t\tO nas\n\t<\/h2>\n\t<p><strong>Podjetje ABC rent a car in turizem d.o.o.<\/strong>\u00a0je dru\u017einsko podjetje, ki je bilo ustanovljeno leta 1989 kot prvo zasebno rent a car podjetje na ozemlju tedanje Jugoslavije. V letu 2001 pridobi fran\u0161izo Europcar za podro\u010dje Slovenije in s tem strankam omogo\u010di \u0161e bolj pestro ponudbo ne samo doma in v Evropi, ampak po celem svetu. Podjetje ima kar 10 poslovnih enot, ki skrbijo, da stranke vedno dobijo tisto kar i\u0161\u010dejo.<\/p>\n<p>Od leta 1997 delujemo tudi kot turisti\u010dna agencija, specializirana za\u00a0receptivni turizem. Danes smo na tr\u017ei\u0161\u010du poznani kot turisti\u010dna agencija, prilagojena visokim standardom sodobnih turistov, turistov z malo prostega \u010dasa in velikimi pri\u010dakovanji.<\/p>\n<p>Z na\u0161im lastnim voznim parkom, izku\u0161enimi vozniki in pestro ponudbo namestitev in raznovrstnih aktivnosti smo odli\u010dna izbira za vse posameznike in poslovne skupine, ki \u017eelijo celostno storitev.<\/p>\n<p>Poleg nudenja storitev turisti\u010dne agencije smo specializirani za po\u010ditnice na pode\u017eelju ter potovanja in izlete z vlaki. Od leta 2003 pa strankam nudimo ekskluzivne izlete z muzejskim vlakom po Bohinjski progi.<\/p>\n\t\t\t<a href=\"\/contact\/\" target=\"_self\" rel=\"noopener\">\n\t\t\t\t\t\t\tPI\u0160ITE NAM\n\t\t\t\t\t<\/a>\n\t<h3>TRADICIJA<\/h3>\t\t\n\t\t\t<p>35 let izku\u0161enj.<\/p>\n<p>Image already added<\/p>\n\t<h3>OSEBEN PRISTOP <\/h3>\t\t\n\t\t\t<p>Na\u0161e poslanstvo, va\u0161 popoln dan.<\/p>\n<p>Image already added<\/p>\n\t<h3>ZANESLJIVOST<\/h3>\t\t\n\t\t\t<p>Odli\u010dne reference in \u0161tevilni dolgoletni partnerji.<\/p>\n<p>\u00a0<\/p>\n<p>Image already added<\/p>\n\n","protected":false},"excerpt":{"rendered":"<p>O nas O nas Podjetje ABC rent a car in turizem d.o.o.\u00a0je dru\u017einsko podjetje, ki je bilo ustanovljeno leta 1989 kot prvo zasebno rent a car podjetje na ozemlju tedanje Jugoslavije. V letu 2001 pridobi fran\u0161izo Europcar za podro\u010dje Slovenije in s tem strankam omogo\u010di \u0161e bolj pestro ponudbo ne samo doma in v Evropi,&hellip;<\/p>\n","protected":false},"author":1,"featured_media":0,"parent":0,"menu_order":0,"comment_status":"closed","ping_status":"closed","template":"","meta":{"om_disable_all_campaigns":false,"_mi_skip_tracking":false,"_monsterinsights_sitenote_active":false,"_monsterinsights_sitenote_note":"","_monsterinsights_sitenote_category":0,"footnotes":""},"yoast_head":"<!-- This site is optimized with the Yoast SEO plugin v21.6 - https:\/\/yoast.com\/wordpress\/plugins\/seo\/ -->\n<title>O NAS - ABC Tourism -<\/title>\n<meta name=\"description\" content=\"Our agency is perfect for those who are looking for tailor-made holidays adapted to the wishes of individual guests, incentive programmes.\" \/>\n<meta name=\"robots\" content=\"index, follow, max-snippet:-1, max-image-preview:large, max-video-preview:-1\" \/>\n<link rel=\"canonical\" href=\"https:\/\/www.abc-tourism.com\/sl\/o-nas\/\" \/>\n<meta property=\"og:locale\" content=\"sl_SI\" \/>\n<meta property=\"og:type\" content=\"article\" \/>\n<meta property=\"og:title\" content=\"O NAS - ABC Tourism -\" \/>\n<meta property=\"og:description\" content=\"Our agency is perfect for those who are looking for tailor-made holidays adapted to the wishes of individual guests, incentive programmes.\" \/>\n<meta property=\"og:url\" content=\"https:\/\/www.abc-tourism.com\/sl\/o-nas\/\" \/>\n<meta property=\"og:site_name\" content=\"ABC Tourism -\" \/>\n<meta property=\"article:modified_time\" content=\"2024-04-25T10:03:23+00:00\" \/>\n<meta name=\"twitter:card\" content=\"summary_large_image\" \/>\n<meta name=\"twitter:label1\" content=\"Est. reading time\" \/>\n\t<meta name=\"twitter:data1\" content=\"1 minuta\" \/>\n<script type=\"application\/ld+json\" class=\"yoast-schema-graph\">{\"@context\":\"https:\/\/schema.org\",\"@graph\":[{\"@type\":\"WebPage\",\"@id\":\"https:\/\/www.abc-tourism.com\/sl\/o-nas\/\",\"url\":\"https:\/\/www.abc-tourism.com\/sl\/o-nas\/\",\"name\":\"O NAS - ABC Tourism -\",\"isPartOf\":{\"@id\":\"https:\/\/www.abc-tourism.com\/sl\/#website\"},\"datePublished\":\"2019-03-21T07:24:10+00:00\",\"dateModified\":\"2024-04-25T10:03:23+00:00\",\"description\":\"Our agency is perfect for those who are looking for tailor-made holidays adapted to the wishes of individual guests, incentive programmes.\",\"breadcrumb\":{\"@id\":\"https:\/\/www.abc-tourism.com\/sl\/o-nas\/#breadcrumb\"},\"inLanguage\":\"sl-SI\",\"potentialAction\":[{\"@type\":\"ReadAction\",\"target\":[\"https:\/\/www.abc-tourism.com\/sl\/o-nas\/\"]}]},{\"@type\":\"BreadcrumbList\",\"@id\":\"https:\/\/www.abc-tourism.com\/sl\/o-nas\/#breadcrumb\",\"itemListElement\":[{\"@type\":\"ListItem\",\"position\":1,\"name\":\"Home\",\"item\":\"https:\/\/www.abc-tourism.com\/sl\/\"},{\"@type\":\"ListItem\",\"position\":2,\"name\":\"O NAS\"}]},{\"@type\":\"WebSite\",\"@id\":\"https:\/\/www.abc-tourism.com\/sl\/#website\",\"url\":\"https:\/\/www.abc-tourism.com\/sl\/\",\"name\":\"ABC Tourism -\",\"description\":\"Your destination management company in Slovenia\",\"potentialAction\":[{\"@type\":\"SearchAction\",\"target\":{\"@type\":\"EntryPoint\",\"urlTemplate\":\"https:\/\/www.abc-tourism.com\/sl\/?s={search_term_string}\"},\"query-input\":\"required name=search_term_string\"}],\"inLanguage\":\"sl-SI\"}]}<\/script>\n<!-- \/ Yoast SEO plugin. -->","yoast_head_json":{"title":"O NAS - ABC Tourism -","description":"Our agency is perfect for those who are looking for tailor-made holidays adapted to the wishes of individual guests, incentive programmes.","robots":{"index":"index","follow":"follow","max-snippet":"max-snippet:-1","max-image-preview":"max-image-preview:large","max-video-preview":"max-video-preview:-1"},"canonical":"https:\/\/www.abc-tourism.com\/sl\/o-nas\/","og_locale":"sl_SI","og_type":"article","og_title":"O NAS - ABC Tourism -","og_description":"Our agency is perfect for those who are looking for tailor-made holidays adapted to the wishes of individual guests, incentive programmes.","og_url":"https:\/\/www.abc-tourism.com\/sl\/o-nas\/","og_site_name":"ABC Tourism -","article_modified_time":"2024-04-25T10:03:23+00:00","twitter_card":"summary_large_image","twitter_misc":{"Est. reading time":"1 minuta"},"schema":{"@context":"https:\/\/schema.org","@graph":[{"@type":"WebPage","@id":"https:\/\/www.abc-tourism.com\/sl\/o-nas\/","url":"https:\/\/www.abc-tourism.com\/sl\/o-nas\/","name":"O NAS - ABC Tourism -","isPartOf":{"@id":"https:\/\/www.abc-tourism.com\/sl\/#website"},"datePublished":"2019-03-21T07:24:10+00:00","dateModified":"2024-04-25T10:03:23+00:00","description":"Our agency is perfect for those who are looking for tailor-made holidays adapted to the wishes of individual guests, incentive programmes.","breadcrumb":{"@id":"https:\/\/www.abc-tourism.com\/sl\/o-nas\/#breadcrumb"},"inLanguage":"sl-SI","potentialAction":[{"@type":"ReadAction","target":["https:\/\/www.abc-tourism.com\/sl\/o-nas\/"]}]},{"@type":"BreadcrumbList","@id":"https:\/\/www.abc-tourism.com\/sl\/o-nas\/#breadcrumb","itemListElement":[{"@type":"ListItem","position":1,"name":"Home","item":"https:\/\/www.abc-tourism.com\/sl\/"},{"@type":"ListItem","position":2,"name":"O NAS"}]},{"@type":"WebSite","@id":"https:\/\/www.abc-tourism.com\/sl\/#website","url":"https:\/\/www.abc-tourism.com\/sl\/","name":"ABC Tourism -","description":"Your destination management company in Slovenia","potentialAction":[{"@type":"SearchAction","target":{"@type":"EntryPoint","urlTemplate":"https:\/\/www.abc-tourism.com\/sl\/?s={search_term_string}"},"query-input":"required name=search_term_string"}],"inLanguage":"sl-SI"}]}},"_links":{"self":[{"href":"https:\/\/www.abc-tourism.com\/sl\/wp-json\/wp\/v2\/pages\/1697"}],"collection":[{"href":"https:\/\/www.abc-tourism.com\/sl\/wp-json\/wp\/v2\/pages"}],"about":[{"href":"https:\/\/www.abc-tourism.com\/sl\/wp-json\/wp\/v2\/types\/page"}],"author":[{"embeddable":true,"href":"https:\/\/www.abc-tourism.com\/sl\/wp-json\/wp\/v2\/users\/1"}],"replies":[{"embeddable":true,"href":"https:\/\/www.abc-tourism.com\/sl\/wp-json\/wp\/v2\/comments?post=1697"}],"version-history":[{"count":16,"href":"https:\/\/www.abc-tourism.com\/sl\/wp-json\/wp\/v2\/pages\/1697\/revisions"}],"predecessor-version":[{"id":5310,"href":"https:\/\/www.abc-tourism.com\/sl\/wp-json\/wp\/v2\/pages\/1697\/revisions\/5310"}],"wp:attachment":[{"href":"https:\/\/www.abc-tourism.com\/sl\/wp-json\/wp\/v2\/media?parent=1697"}],"curies":[{"name":"wp","href":"https:\/\/api.w.org\/{rel}","templated":true}]}}