{"id":1779,"date":"2019-03-21T07:23:26","date_gmt":"2019-03-21T07:23:26","guid":{"rendered":"https:\/\/www.abc-tourism.com\/contact\/"},"modified":"2020-03-02T13:39:53","modified_gmt":"2020-03-02T13:39:53","slug":"nous-contacter","status":"publish","type":"page","link":"https:\/\/www.abc-tourism.com\/fr\/nous-contacter\/","title":{"rendered":"NOUS CONTACTER"},"content":{"rendered":"\n\t<h1>\u00a0Nous contacter<\/h1>\n\n<h3>\n\t\tLAISSEZ-NOUS UN MESSAGE\n\t<\/h3>\n<h3>\n\t\tAVEZ-VOUS BESOIN D\u2019AIDE?\n\t<\/h3>\n\t<p>N\u2019h\u00e9sitez pas \u00e0 nous poser votre question. Envoyez-nous un email ou appelez-nous directement.<\/p>\n<h3>\n\t\tDISPONIBILIT\u00c9\n\t<\/h3>\n\tDe lundi \u00e0 vendredi\u00a0 | 8.00 \u2013 16.00<br \/>\nSamedi, dimanche | Ferm\u00e9\n\t<iframe src=\"https:\/\/www.google.com\/maps\/embed\/v1\/place?q=Miklo%C5%A1i%C4%8Deva+15+ljubljana&#038;key=AIzaSyD09zQ9PNDNNy9TadMuzRV_UsPUoWKntt8\" aria-hidden=\"true\"><\/iframe>\n","protected":false},"excerpt":{"rendered":"<p>\u00a0Nous contacter LAISSEZ-NOUS UN MESSAGE AVEZ-VOUS BESOIN D\u2019AIDE? N\u2019h\u00e9sitez pas \u00e0 nous poser votre question. Envoyez-nous un email ou appelez-nous directement. DISPONIBILIT\u00c9 De lundi \u00e0 vendredi\u00a0 | 8.00 \u2013 16.00 Samedi, dimanche | Ferm\u00e9<\/p>\n","protected":false},"author":1,"featured_media":0,"parent":0,"menu_order":0,"comment_status":"closed","ping_status":"closed","template":"","meta":{"om_disable_all_campaigns":false,"_mi_skip_tracking":false,"_monsterinsights_sitenote_active":false,"_monsterinsights_sitenote_note":"","_monsterinsights_sitenote_category":0,"footnotes":""},"yoast_head":"<!-- This site is optimized with the Yoast SEO plugin v21.6 - https:\/\/yoast.com\/wordpress\/plugins\/seo\/ -->\n<title>NOUS CONTACTER - ABC Tourism -<\/title>\n<meta name=\"description\" content=\"Contact us. Don\u2019t hestiate to ask us something. Send us an Email: info@abc-tourism.si or call us directly: 00386 59 070 510.\" \/>\n<meta name=\"robots\" content=\"index, follow, max-snippet:-1, max-image-preview:large, max-video-preview:-1\" \/>\n<link rel=\"canonical\" href=\"https:\/\/www.abc-tourism.com\/fr\/nous-contacter\/\" \/>\n<meta property=\"og:locale\" content=\"fr_FR\" \/>\n<meta property=\"og:type\" content=\"article\" \/>\n<meta property=\"og:title\" content=\"NOUS CONTACTER - ABC Tourism -\" \/>\n<meta property=\"og:description\" content=\"Contact us. Don\u2019t hestiate to ask us something. Send us an Email: info@abc-tourism.si or call us directly: 00386 59 070 510.\" \/>\n<meta property=\"og:url\" content=\"https:\/\/www.abc-tourism.com\/fr\/nous-contacter\/\" \/>\n<meta property=\"og:site_name\" content=\"ABC Tourism -\" \/>\n<meta property=\"article:modified_time\" content=\"2020-03-02T13:39:53+00:00\" \/>\n<meta name=\"twitter:card\" content=\"summary_large_image\" \/>\n<script type=\"application\/ld+json\" class=\"yoast-schema-graph\">{\"@context\":\"https:\/\/schema.org\",\"@graph\":[{\"@type\":\"WebPage\",\"@id\":\"https:\/\/www.abc-tourism.com\/fr\/nous-contacter\/\",\"url\":\"https:\/\/www.abc-tourism.com\/fr\/nous-contacter\/\",\"name\":\"NOUS CONTACTER - ABC Tourism -\",\"isPartOf\":{\"@id\":\"https:\/\/www.abc-tourism.com\/sl\/#website\"},\"datePublished\":\"2019-03-21T07:23:26+00:00\",\"dateModified\":\"2020-03-02T13:39:53+00:00\",\"description\":\"Contact us. Don\u2019t hestiate to ask us something. Send us an Email: info@abc-tourism.si or call us directly: 00386 59 070 510.\",\"breadcrumb\":{\"@id\":\"https:\/\/www.abc-tourism.com\/fr\/nous-contacter\/#breadcrumb\"},\"inLanguage\":\"fr-FR\",\"potentialAction\":[{\"@type\":\"ReadAction\",\"target\":[\"https:\/\/www.abc-tourism.com\/fr\/nous-contacter\/\"]}]},{\"@type\":\"BreadcrumbList\",\"@id\":\"https:\/\/www.abc-tourism.com\/fr\/nous-contacter\/#breadcrumb\",\"itemListElement\":[{\"@type\":\"ListItem\",\"position\":1,\"name\":\"Home\",\"item\":\"https:\/\/www.abc-tourism.com\/fr\/\"},{\"@type\":\"ListItem\",\"position\":2,\"name\":\"NOUS CONTACTER\"}]},{\"@type\":\"WebSite\",\"@id\":\"https:\/\/www.abc-tourism.com\/sl\/#website\",\"url\":\"https:\/\/www.abc-tourism.com\/sl\/\",\"name\":\"ABC Tourism -\",\"description\":\"Your destination management company in Slovenia\",\"potentialAction\":[{\"@type\":\"SearchAction\",\"target\":{\"@type\":\"EntryPoint\",\"urlTemplate\":\"https:\/\/www.abc-tourism.com\/sl\/?s={search_term_string}\"},\"query-input\":\"required name=search_term_string\"}],\"inLanguage\":\"fr-FR\"}]}<\/script>\n<!-- \/ Yoast SEO plugin. -->","yoast_head_json":{"title":"NOUS CONTACTER - ABC Tourism -","description":"Contact us. Don\u2019t hestiate to ask us something. Send us an Email: info@abc-tourism.si or call us directly: 00386 59 070 510.","robots":{"index":"index","follow":"follow","max-snippet":"max-snippet:-1","max-image-preview":"max-image-preview:large","max-video-preview":"max-video-preview:-1"},"canonical":"https:\/\/www.abc-tourism.com\/fr\/nous-contacter\/","og_locale":"fr_FR","og_type":"article","og_title":"NOUS CONTACTER - ABC Tourism -","og_description":"Contact us. Don\u2019t hestiate to ask us something. Send us an Email: info@abc-tourism.si or call us directly: 00386 59 070 510.","og_url":"https:\/\/www.abc-tourism.com\/fr\/nous-contacter\/","og_site_name":"ABC Tourism -","article_modified_time":"2020-03-02T13:39:53+00:00","twitter_card":"summary_large_image","schema":{"@context":"https:\/\/schema.org","@graph":[{"@type":"WebPage","@id":"https:\/\/www.abc-tourism.com\/fr\/nous-contacter\/","url":"https:\/\/www.abc-tourism.com\/fr\/nous-contacter\/","name":"NOUS CONTACTER - ABC Tourism -","isPartOf":{"@id":"https:\/\/www.abc-tourism.com\/sl\/#website"},"datePublished":"2019-03-21T07:23:26+00:00","dateModified":"2020-03-02T13:39:53+00:00","description":"Contact us. Don\u2019t hestiate to ask us something. Send us an Email: info@abc-tourism.si or call us directly: 00386 59 070 510.","breadcrumb":{"@id":"https:\/\/www.abc-tourism.com\/fr\/nous-contacter\/#breadcrumb"},"inLanguage":"fr-FR","potentialAction":[{"@type":"ReadAction","target":["https:\/\/www.abc-tourism.com\/fr\/nous-contacter\/"]}]},{"@type":"BreadcrumbList","@id":"https:\/\/www.abc-tourism.com\/fr\/nous-contacter\/#breadcrumb","itemListElement":[{"@type":"ListItem","position":1,"name":"Home","item":"https:\/\/www.abc-tourism.com\/fr\/"},{"@type":"ListItem","position":2,"name":"NOUS CONTACTER"}]},{"@type":"WebSite","@id":"https:\/\/www.abc-tourism.com\/sl\/#website","url":"https:\/\/www.abc-tourism.com\/sl\/","name":"ABC Tourism -","description":"Your destination management company in Slovenia","potentialAction":[{"@type":"SearchAction","target":{"@type":"EntryPoint","urlTemplate":"https:\/\/www.abc-tourism.com\/sl\/?s={search_term_string}"},"query-input":"required name=search_term_string"}],"inLanguage":"fr-FR"}]}},"_links":{"self":[{"href":"https:\/\/www.abc-tourism.com\/fr\/wp-json\/wp\/v2\/pages\/1779"}],"collection":[{"href":"https:\/\/www.abc-tourism.com\/fr\/wp-json\/wp\/v2\/pages"}],"about":[{"href":"https:\/\/www.abc-tourism.com\/fr\/wp-json\/wp\/v2\/types\/page"}],"author":[{"embeddable":true,"href":"https:\/\/www.abc-tourism.com\/fr\/wp-json\/wp\/v2\/users\/1"}],"replies":[{"embeddable":true,"href":"https:\/\/www.abc-tourism.com\/fr\/wp-json\/wp\/v2\/comments?post=1779"}],"version-history":[{"count":8,"href":"https:\/\/www.abc-tourism.com\/fr\/wp-json\/wp\/v2\/pages\/1779\/revisions"}],"predecessor-version":[{"id":3265,"href":"https:\/\/www.abc-tourism.com\/fr\/wp-json\/wp\/v2\/pages\/1779\/revisions\/3265"}],"wp:attachment":[{"href":"https:\/\/www.abc-tourism.com\/fr\/wp-json\/wp\/v2\/media?parent=1779"}],"curies":[{"name":"wp","href":"https:\/\/api.w.org\/{rel}","templated":true}]}}