{"id":1773,"date":"2019-03-21T08:15:37","date_gmt":"2019-03-21T08:15:37","guid":{"rendered":"https:\/\/www.abc-tourism.com\/about\/"},"modified":"2024-04-25T12:15:50","modified_gmt":"2024-04-25T12:15:50","slug":"dmc-slovenia","status":"publish","type":"page","link":"https:\/\/www.abc-tourism.com\/fr\/","title":{"rendered":"ACUEILL"},"content":{"rendered":"\n\n\t<h1>VOTRE AGENCE R\u00c9CEPTIVE EN SLOV\u00c9NIE<\/h1>\n<p>Nous d\u00e9sirons partager la beaut\u00e9 pure de notre pays et les exp\u00e9riences avec VOUS et VOS CLIENTS.<\/p>\n\t\t\t<a href=\"https:\/\/www.abc-tourism.com\/fr\/nous-contacter\/\" target=\"_self\" rel=\"noopener\">\n\t\t\t\t\t\t\tNous contacter\n\t\t\t\t\t<\/a>\n\t<p>LAISSEZ-NOUS CR\u00c9ER votre prochain \u00e9v\u00e9nement DE MOTIVATION, voyage DE GROUPE ou m\u00eame une \u00c9VASION SECR\u00c8TE pour vos clients individuels.<\/p>\n<p>Nous poss\u00e9dons tout le savoir-faire requis, notre propre flotte de voitures, fourgons et limousines. Nos 9 bureaux dans plusieurs endroits du pays garantissent d&rsquo;EXCELLENTS CONTACTS avec nos PARTENAIRES LOCAUX.<\/p>\n<p>Nous sommes \u00e0 la disposition de vos clients tous les jours, 24 heures sur 24.<\/p>\n<h2>\n\t\tNOS QUALIT\u00c9S\n\t<\/h2>\n\t<h3>UNE APPROCHE INDIVIDUELLE<\/h3>\t\t\n\t\t\t<p>Vos d\u00e9sirs sont notre inspiration.<\/p>\n<p>Image already added<\/p>\n\t<h3>FLEXIBILIT\u00c9<\/h3>\t\t\n\t\t\t<p>Vous serez \u00e9merveill\u00e9s par le grand nombre de fa\u00e7ons \u00e0 notre disposition afin de trouver la meilleure solution pour vous.<\/p>\n<p>Image already added<\/p>\n\t<h3>FORFAITS SUR MESURE <\/h3>\t\t\n\t\t\t<p>Si, par exemple, vous souhaitez admirer l&rsquo;ours brun dans son milieu naturel, nous pouvons organiser un safari-photo dans les for\u00eats vierges de la Slov\u00e9nie.<\/p>\n<h2>\n\t\tNOTRE MISSION\n\t<\/h2>\n\t<p>Nous d\u00e9sirons partager la beaut\u00e9 pure de notre pays et les exp\u00e9riences avec VOUS et VOS CLIENTS.<\/p>\n<h2>\n\t\tNOS AVANTAGES\n\t<\/h2>\n\t<p>Un savoir-faire sans pareil et des connaissances approfondies de notre destination.<\/p>\n\t<h3>ASSISTANCE 24H SUR 24, 7J SUR 7<\/h3>\t\t\n\t\t\t<p>Notre \u00e9quipe motiv\u00e9e et cr\u00e9ative, d\u00e9di\u00e9e \u00e0 l&rsquo;excellence, sera toujours \u00e0 votre disposition.<\/p>\n<p>Image already added<\/p>\n\t<h3>NOTRE PROPRE FLOTTE DE V\u00c9HICULES <\/h3>\t\t\n\t\t\t<p>Nous proposons des solutions de mobilit\u00e9 adapt\u00e9es \u00e0 vos besoins particuliers.<\/p>\n<p>Image already added<\/p>\n\t<h3>PARTNENAIRES LOCAUX<\/h3>\t\t\n\t\t\t<p>La confiance que nous faisons \u00e0 nos partenaires locaux de renom contribue grandement \u00e0 la qualit\u00e9 de nos services.<\/p>\n<p>Image already added<\/p>\n<h2>\n\t\tQU&rsquo;EST-CE QUE NOUS VOUS PROPOSONS?\n\t<\/h2>\n\t\t\t\t<img decoding=\"async\" src=\"https:\/\/www.abc-tourism.com\/wp-content\/plugins\/bb-plugin\/img\/pixel.png\" alt=\"Alpine Slovenia 10\" itemprop=\"image\" title=\"Alpine Slovenia 10\" onerror=\"this.style.display='none'\"  \/>\n\t\t\t\t<a href=\"https:\/\/www.abc-tourism.com\/fr\/services\/#conferences\" target=\"_self\" itemprop=\"url\" rel=\"noopener\">\n\t\t\t\t<img loading=\"lazy\" decoding=\"async\" src=\"https:\/\/www.abc-tourism.com\/wp-content\/uploads\/2019\/10\/img-1.jpg\" alt=\"img-1\" itemprop=\"image\" height=\"483\" width=\"700\" title=\"img-1\" onerror=\"this.style.display='none'\"  \/>\n\t\t\t\t<\/a>\n<h3>\n\t\t<a href=\"https:\/\/www.abc-tourism.com\/fr\/services\/#conferences\" title=\"Conf\u00e9rences, \u00e9v\u00e9nementiel, voyages de motivation\" target=\"_self\" rel=\"noopener\">\n\t\tConf\u00e9rences, \u00e9v\u00e9nementiel, voyages de motivation\n\t\t<\/a>\n\t<\/h3>\n\t\t\t\t<a href=\"https:\/\/www.abc-tourism.com\/fr\/services\/#car-rentals\" target=\"_self\" itemprop=\"url\" rel=\"noopener\">\n\t\t\t\t<img loading=\"lazy\" decoding=\"async\" src=\"https:\/\/www.abc-tourism.com\/wp-content\/uploads\/2019\/10\/img-2.jpg\" alt=\"img-2\" itemprop=\"image\" height=\"483\" width=\"700\" title=\"img-2\" onerror=\"this.style.display='none'\"  \/>\n\t\t\t\t<\/a>\n<h3>\n\t\t<a href=\"https:\/\/www.abc-tourism.com\/fr\/services\/#car-rentals\" title=\"Location de voitures, services de chauffeur et transferts\" target=\"_self\" rel=\"noopener\">\n\t\tLocation de voitures, services de chauffeur et transferts\n\t\t<\/a>\n\t<\/h3>\n\t\t\t\t<a href=\"https:\/\/www.abc-tourism.com\/fr\/services\/#group\" target=\"_self\" itemprop=\"url\" rel=\"noopener\">\n\t\t\t\t<img loading=\"lazy\" decoding=\"async\" src=\"https:\/\/www.abc-tourism.com\/wp-content\/uploads\/2019\/10\/img-3.jpg\" alt=\"img-3\" itemprop=\"image\" height=\"483\" width=\"700\" title=\"img-3\" onerror=\"this.style.display='none'\"  \/>\n\t\t\t\t<\/a>\n<h3>\n\t\t<a href=\"https:\/\/www.abc-tourism.com\/fr\/services\/#group\" title=\"Voyages de groupe\" target=\"_self\" rel=\"noopener\">\n\t\tVoyages de groupe\n\t\t<\/a>\n\t<\/h3>\n\t\t\t\t<a href=\"https:\/\/www.abc-tourism.com\/fr\/services\/#farm\" target=\"_self\" itemprop=\"url\" rel=\"noopener\">\n\t\t\t\t<img loading=\"lazy\" decoding=\"async\" src=\"https:\/\/www.abc-tourism.com\/wp-content\/uploads\/2019\/10\/img-4.jpg\" alt=\"img-4\" itemprop=\"image\" height=\"483\" width=\"700\" title=\"img-4\" onerror=\"this.style.display='none'\"  \/>\n\t\t\t\t<\/a>\n<h3>\n\t\t<a href=\"https:\/\/www.abc-tourism.com\/fr\/services\/#farm\" title=\"Vacances \u00e0 la ferme et \u00e0 la campagne\" target=\"_self\" rel=\"noopener\">\n\t\tVacances \u00e0 la ferme et \u00e0 la campagne\n\t\t<\/a>\n\t<\/h3>\n\t\t\t\t<a href=\"https:\/\/www.abc-tourism.com\/fr\/services\/#holidays\" target=\"_self\" itemprop=\"url\" rel=\"noopener\">\n\t\t\t\t<img loading=\"lazy\" decoding=\"async\" src=\"https:\/\/www.abc-tourism.com\/wp-content\/uploads\/2019\/10\/img-5.jpg\" alt=\"img-5\" itemprop=\"image\" height=\"483\" width=\"700\" title=\"img-5\" onerror=\"this.style.display='none'\"  \/>\n\t\t\t\t<\/a>\n<h3>\n\t\t<a href=\"https:\/\/www.abc-tourism.com\/fr\/services\/#holidays\" title=\"Forfaits autotours et courts s\u00e9jours\" target=\"_self\" rel=\"noopener\">\n\t\tForfaits autotours et courts s\u00e9jours\n\t\t<\/a>\n\t<\/h3>\n\t\t\t\t<a href=\"https:\/\/www.abc-tourism.com\/fr\/services\/#train\" target=\"_self\" itemprop=\"url\" rel=\"noopener\">\n\t\t\t\t<img loading=\"lazy\" decoding=\"async\" src=\"https:\/\/www.abc-tourism.com\/wp-content\/uploads\/2019\/10\/img-6.jpg\" alt=\"img-6\" itemprop=\"image\" height=\"483\" width=\"700\" title=\"img-6\" onerror=\"this.style.display='none'\"  \/>\n\t\t\t\t<\/a>\n<h3>\n\t\t<a href=\"https:\/\/www.abc-tourism.com\/fr\/services\/#train\" title=\"Excursion \u00e0 bord d'un train historique \u00e0 vapeur en Slov\u00e9nie\" target=\"_self\" rel=\"noopener\">\n\t\tExcursion \u00e0 bord d&rsquo;un train historique \u00e0 vapeur en Slov\u00e9nie\n\t\t<\/a>\n\t<\/h3>\n<h2>\n\t\tR\u00c9F\u00c9RENCES\n\t<\/h2>\n\t\t\t\t\t\t<figure>\n\t\t\t\t\t\t\t\t\t\t\t\t\t\t\t<img decoding=\"async\" src=\"https:\/\/www.abc-tourism.com\/wp-content\/uploads\/2019\/11\/Just.jpg\" alt=\"\" \/>\n\t\t\t\t\t\t\t\t\t\t\t\t\t<\/figure>\n\t\t\t\t\t\t<figure>\n\t\t\t\t\t\t\t\t\t\t\t\t\t\t\t<img decoding=\"async\" src=\"https:\/\/www.abc-tourism.com\/wp-content\/uploads\/2019\/11\/Danfoss-2.jpg\" alt=\"\" \/>\n\t\t\t\t\t\t\t\t\t\t\t\t\t<\/figure>\n\t\t\t\t\t\t<figure>\n\t\t\t\t\t\t\t\t\t\t\t\t\t\t\t<img decoding=\"async\" src=\"https:\/\/www.abc-tourism.com\/wp-content\/uploads\/2019\/11\/Springer.jpg\" alt=\"\" \/>\n\t\t\t\t\t\t\t\t\t\t\t\t\t<\/figure>\n\t\t\t\t\t\t<figure>\n\t\t\t\t\t\t\t\t\t\t\t\t\t\t\t<img decoding=\"async\" src=\"https:\/\/www.abc-tourism.com\/wp-content\/uploads\/2019\/11\/Gulliver.jpg\" alt=\"\" \/>\n\t\t\t\t\t\t\t\t\t\t\t\t\t<\/figure>\n\t\t\t\t\t\t<figure>\n\t\t\t\t\t\t\t\t\t\t\t\t\t\t\t<img decoding=\"async\" src=\"https:\/\/www.abc-tourism.com\/wp-content\/uploads\/2019\/11\/Kuoni.jpg\" alt=\"\" \/>\n\t\t\t\t\t\t\t\t\t\t\t\t\t<\/figure>\n\t\t\t\t\t\t<figure>\n\t\t\t\t\t\t\t\t\t\t\t\t\t\t\t<img decoding=\"async\" src=\"https:\/\/www.abc-tourism.com\/wp-content\/uploads\/2019\/11\/Service.jpg\" alt=\"\" \/>\n\t\t\t\t\t\t\t\t\t\t\t\t\t<\/figure>\n\t\t\t\t\t\t<figure>\n\t\t\t\t\t\t\t\t\t\t\t\t\t\t\t<img decoding=\"async\" src=\"https:\/\/www.abc-tourism.com\/wp-content\/uploads\/2019\/11\/STO.jpg\" alt=\"\" \/>\n\t\t\t\t\t\t\t\t\t\t\t\t\t<\/figure>\n\t\t\t\t\t\t<figure>\n\t\t\t\t\t\t\t\t\t\t\t\t\t\t\t<img decoding=\"async\" src=\"https:\/\/www.abc-tourism.com\/wp-content\/uploads\/2024\/04\/KUS_20let_ENG_Prim-copy@3x.png\" alt=\"\" \/>\n\t\t\t\t\t\t\t\t\t\t\t\t\t<\/figure>\n\t\t\t\t\t\t<figure>\n\t\t\t\t\t\t\t\t\t\t\t\t\t\t\t<img decoding=\"async\" src=\"https:\/\/www.abc-tourism.com\/wp-content\/uploads\/2024\/04\/ztaz.jpg\" alt=\"\" \/>\n\t\t\t\t\t\t\t\t\t\t\t\t\t<\/figure>\n\t\t\t\t\t\t<!-- pagination -->\n\t<h2>\n\t\tLAISSEZ-NOUS CR\u00c9ER \n\t<\/h2>\n\t<p>votre prochain \u00e9v\u00e9nement DE MOTIVATION, VOYAGES DE GROUPE ou m\u00eame une \u00c9VASION SECR\u00c8TE pour vos clients.<\/p>\n\t\t\t<a href=\"https:\/\/www.abc-tourism.com\/contact\/\" target=\"_self\" rel=\"noopener\">\n\t\t\t\t\t\t\tD\u00c9MARRER\n\t\t\t\t\t<\/a>\n\n","protected":false},"excerpt":{"rendered":"<p>VOTRE AGENCE R\u00c9CEPTIVE EN SLOV\u00c9NIE Nous d\u00e9sirons partager la beaut\u00e9 pure de notre pays et les exp\u00e9riences avec VOUS et VOS CLIENTS. Nous contacter LAISSEZ-NOUS CR\u00c9ER votre prochain \u00e9v\u00e9nement DE MOTIVATION, voyage DE GROUPE ou m\u00eame une \u00c9VASION SECR\u00c8TE pour vos clients individuels. Nous poss\u00e9dons tout le savoir-faire requis, notre propre flotte de voitures, fourgons&hellip;<\/p>\n","protected":false},"author":1,"featured_media":0,"parent":0,"menu_order":0,"comment_status":"closed","ping_status":"closed","template":"","meta":{"om_disable_all_campaigns":false,"_mi_skip_tracking":false,"_monsterinsights_sitenote_active":false,"_monsterinsights_sitenote_note":"","_monsterinsights_sitenote_category":0,"footnotes":""},"yoast_head":"<!-- This site is optimized with the Yoast SEO plugin v21.6 - https:\/\/yoast.com\/wordpress\/plugins\/seo\/ -->\n<title>Destination management company in Slovenia - ABC Tourism -<\/title>\n<meta name=\"description\" content=\"Destination management company in Slovenia. We love sharing the sheer beauty of our country and the great experiences it offers with you and your clients.\" \/>\n<meta name=\"robots\" content=\"index, follow, max-snippet:-1, max-image-preview:large, max-video-preview:-1\" \/>\n<link rel=\"canonical\" href=\"https:\/\/www.abc-tourism.com\/fr\/\" \/>\n<meta property=\"og:locale\" content=\"fr_FR\" \/>\n<meta property=\"og:type\" content=\"article\" \/>\n<meta property=\"og:title\" content=\"Destination management company in Slovenia - ABC Tourism -\" \/>\n<meta property=\"og:description\" content=\"Destination management company in Slovenia. We love sharing the sheer beauty of our country and the great experiences it offers with you and your clients.\" \/>\n<meta property=\"og:url\" content=\"https:\/\/www.abc-tourism.com\/fr\/\" \/>\n<meta property=\"og:site_name\" content=\"ABC Tourism -\" \/>\n<meta property=\"article:modified_time\" content=\"2024-04-25T12:15:50+00:00\" \/>\n<meta property=\"og:image\" content=\"https:\/\/www.abc-tourism.com\/wp-content\/plugins\/bb-plugin\/img\/pixel.png\" \/>\n<meta name=\"twitter:card\" content=\"summary_large_image\" \/>\n<meta name=\"twitter:label1\" content=\"Dur\u00e9e de lecture estim\u00e9e\" \/>\n\t<meta name=\"twitter:data1\" content=\"2 minutes\" \/>\n<script type=\"application\/ld+json\" class=\"yoast-schema-graph\">{\"@context\":\"https:\/\/schema.org\",\"@graph\":[{\"@type\":\"WebPage\",\"@id\":\"https:\/\/www.abc-tourism.com\/fr\/\",\"url\":\"https:\/\/www.abc-tourism.com\/fr\/\",\"name\":\"Destination management company in Slovenia - ABC Tourism -\",\"isPartOf\":{\"@id\":\"https:\/\/www.abc-tourism.com\/sl\/#website\"},\"datePublished\":\"2019-03-21T08:15:37+00:00\",\"dateModified\":\"2024-04-25T12:15:50+00:00\",\"description\":\"Destination management company in Slovenia. We love sharing the sheer beauty of our country and the great experiences it offers with you and your clients.\",\"breadcrumb\":{\"@id\":\"https:\/\/www.abc-tourism.com\/fr\/#breadcrumb\"},\"inLanguage\":\"fr-FR\",\"potentialAction\":[{\"@type\":\"ReadAction\",\"target\":[\"https:\/\/www.abc-tourism.com\/fr\/\"]}]},{\"@type\":\"BreadcrumbList\",\"@id\":\"https:\/\/www.abc-tourism.com\/fr\/#breadcrumb\",\"itemListElement\":[{\"@type\":\"ListItem\",\"position\":1,\"name\":\"Home\",\"item\":\"https:\/\/www.abc-tourism.com\/fr\/\"},{\"@type\":\"ListItem\",\"position\":2,\"name\":\"ACUEILL\"}]},{\"@type\":\"WebSite\",\"@id\":\"https:\/\/www.abc-tourism.com\/sl\/#website\",\"url\":\"https:\/\/www.abc-tourism.com\/sl\/\",\"name\":\"ABC Tourism -\",\"description\":\"Your destination management company in Slovenia\",\"potentialAction\":[{\"@type\":\"SearchAction\",\"target\":{\"@type\":\"EntryPoint\",\"urlTemplate\":\"https:\/\/www.abc-tourism.com\/sl\/?s={search_term_string}\"},\"query-input\":\"required name=search_term_string\"}],\"inLanguage\":\"fr-FR\"}]}<\/script>\n<!-- \/ Yoast SEO plugin. -->","yoast_head_json":{"title":"Destination management company in Slovenia - ABC Tourism -","description":"Destination management company in Slovenia. We love sharing the sheer beauty of our country and the great experiences it offers with you and your clients.","robots":{"index":"index","follow":"follow","max-snippet":"max-snippet:-1","max-image-preview":"max-image-preview:large","max-video-preview":"max-video-preview:-1"},"canonical":"https:\/\/www.abc-tourism.com\/fr\/","og_locale":"fr_FR","og_type":"article","og_title":"Destination management company in Slovenia - ABC Tourism -","og_description":"Destination management company in Slovenia. We love sharing the sheer beauty of our country and the great experiences it offers with you and your clients.","og_url":"https:\/\/www.abc-tourism.com\/fr\/","og_site_name":"ABC Tourism -","article_modified_time":"2024-04-25T12:15:50+00:00","og_image":[{"url":"https:\/\/www.abc-tourism.com\/wp-content\/plugins\/bb-plugin\/img\/pixel.png"}],"twitter_card":"summary_large_image","twitter_misc":{"Dur\u00e9e de lecture estim\u00e9e":"2 minutes"},"schema":{"@context":"https:\/\/schema.org","@graph":[{"@type":"WebPage","@id":"https:\/\/www.abc-tourism.com\/fr\/","url":"https:\/\/www.abc-tourism.com\/fr\/","name":"Destination management company in Slovenia - ABC Tourism -","isPartOf":{"@id":"https:\/\/www.abc-tourism.com\/sl\/#website"},"datePublished":"2019-03-21T08:15:37+00:00","dateModified":"2024-04-25T12:15:50+00:00","description":"Destination management company in Slovenia. We love sharing the sheer beauty of our country and the great experiences it offers with you and your clients.","breadcrumb":{"@id":"https:\/\/www.abc-tourism.com\/fr\/#breadcrumb"},"inLanguage":"fr-FR","potentialAction":[{"@type":"ReadAction","target":["https:\/\/www.abc-tourism.com\/fr\/"]}]},{"@type":"BreadcrumbList","@id":"https:\/\/www.abc-tourism.com\/fr\/#breadcrumb","itemListElement":[{"@type":"ListItem","position":1,"name":"Home","item":"https:\/\/www.abc-tourism.com\/fr\/"},{"@type":"ListItem","position":2,"name":"ACUEILL"}]},{"@type":"WebSite","@id":"https:\/\/www.abc-tourism.com\/sl\/#website","url":"https:\/\/www.abc-tourism.com\/sl\/","name":"ABC Tourism -","description":"Your destination management company in Slovenia","potentialAction":[{"@type":"SearchAction","target":{"@type":"EntryPoint","urlTemplate":"https:\/\/www.abc-tourism.com\/sl\/?s={search_term_string}"},"query-input":"required name=search_term_string"}],"inLanguage":"fr-FR"}]}},"_links":{"self":[{"href":"https:\/\/www.abc-tourism.com\/fr\/wp-json\/wp\/v2\/pages\/1773"}],"collection":[{"href":"https:\/\/www.abc-tourism.com\/fr\/wp-json\/wp\/v2\/pages"}],"about":[{"href":"https:\/\/www.abc-tourism.com\/fr\/wp-json\/wp\/v2\/types\/page"}],"author":[{"embeddable":true,"href":"https:\/\/www.abc-tourism.com\/fr\/wp-json\/wp\/v2\/users\/1"}],"replies":[{"embeddable":true,"href":"https:\/\/www.abc-tourism.com\/fr\/wp-json\/wp\/v2\/comments?post=1773"}],"version-history":[{"count":63,"href":"https:\/\/www.abc-tourism.com\/fr\/wp-json\/wp\/v2\/pages\/1773\/revisions"}],"predecessor-version":[{"id":5355,"href":"https:\/\/www.abc-tourism.com\/fr\/wp-json\/wp\/v2\/pages\/1773\/revisions\/5355"}],"wp:attachment":[{"href":"https:\/\/www.abc-tourism.com\/fr\/wp-json\/wp\/v2\/media?parent=1773"}],"curies":[{"name":"wp","href":"https:\/\/api.w.org\/{rel}","templated":true}]}}