{"id":1769,"date":"2019-03-25T17:00:44","date_gmt":"2019-03-25T17:00:44","guid":{"rendered":"https:\/\/www.abc-tourism.com\/vine-growing-hills-of-slovenia\/"},"modified":"2020-03-02T13:44:53","modified_gmt":"2020-03-02T13:44:53","slug":"les-collines-viticoles-de-la-slovenie","status":"publish","type":"page","link":"https:\/\/www.abc-tourism.com\/fr\/les-collines-viticoles-de-la-slovenie\/","title":{"rendered":"Les collines viticoles de la Slov\u00e9nie"},"content":{"rendered":"\n\t<h1>Les collines viticoles de la Slov\u00e9nie<\/h1>\n<p>Les activit\u00e9s les plus populaires dans la r\u00e9gion : les soins de confort et de bien-\u00eatre disponibles dans de nombreuses stations thermales (baignades dans les eaux thermales, saunas, massages, soins m\u00e9dicaux sp\u00e9cialis\u00e9s, entre autres), randonn\u00e9es, cyclisme, \u00e9quitation, p\u00eache, etc.<\/p>\n<h3>\n\t\tLes collines viticoles de la Slov\u00e9nie\n\t<\/h3>\n\t<p>Ce toponyme d\u00e9signe toutes les r\u00e9gions vallonn\u00e9es dont l\u2019int\u00e9r\u00eat ne r\u00e9side seulement dans le fait qu\u2019elles sont parsem\u00e9es de vignobles et de petites cabanes de vigneron, mais aussi dans leur riche patrimoine ethnologique et de nombreuses sources chaudes et min\u00e9rales gr\u00e2ce auxquelles plusieurs stations thermales ont vu le jour.<\/p>\n<p>En outre du tourisme baln\u00e9aire, ces r\u00e9gions b\u00e9n\u00e9ficient d\u2019un essor consid\u00e9rable du tourisme cyn\u00e9g\u00e9tique et de p\u00eache sportive. Elles sont sillonn\u00e9es de sentiers balis\u00e9s pour cyclistes et randonneurs, et on peut y trouver de v\u00e9ritables joyaux parmi les \u00e9glises perch\u00e9es sur presque chaque colline. Vous \u00eates invit\u00e9s \u00e0 visiter les collines viticoles de la Slov\u00e9nie pendant les quatre saisons de l\u2019ann\u00e9e.<\/p>\n\t\t\t<a href=\"https:\/\/www.abc-tourism.com\/fr\/nous-contacter\/\" target=\"_self\" role=\"button\" rel=\"noopener noreferrer\">\n\t\t\t\t\t\t\tNous contacter\n\t\t\t\t\t<\/a>\n<h2>\n\t\t\u00c0 ne pas manquer \n\t<\/h2>\n\t<ul>\n<li>Vues panoramiques des tours \u00e0 Lendava et Gonja\u010de<\/li>\n<li>Cave \u00e0 vin de Jeruzalem<\/li>\n<li>Cave \u00e0 vin de Dobrovo<\/li>\n<li>Cave \u00e0 vin de Vina Koper<\/li>\n<\/ul>\n<h2>\n\t\tLes principales stations thermales \n\t<\/h2>\n<h4>\n\t\tMoravske Toplice, Radenci, Roga\u0161ka Slatina, Terme Olimia, \u0160marje\u0161ke Toplice, \u010cate\u0161ke Toplice\n\t<\/h4>\n\t\t\t\t<img decoding=\"async\" src=\"https:\/\/www.abc-tourism.com\/wp-content\/plugins\/bb-plugin\/img\/pixel.png\" alt=\"Alpine Slovenia 10\" itemprop=\"image\" title=\"Alpine Slovenia 10\" onerror=\"this.style.display='none'\"  \/>\n\t\t\t\t<img decoding=\"async\" src=\"https:\/\/www.abc-tourism.com\/wp-content\/plugins\/bb-plugin\/img\/pixel.png\" alt=\"Alpine Slovenia 10\" itemprop=\"image\" title=\"Alpine Slovenia 10\" onerror=\"this.style.display='none'\"  \/>\n\t\t\t\t<img loading=\"lazy\" decoding=\"async\" src=\"https:\/\/www.abc-tourism.com\/wp-content\/uploads\/2019\/10\/vinogradi-img-1.jpg\" alt=\"vinogradi-img-1\" itemprop=\"image\" height=\"483\" width=\"700\" title=\"vinogradi-img-1\" onerror=\"this.style.display='none'\"  \/>\n\t\t\t\t<img loading=\"lazy\" decoding=\"async\" src=\"https:\/\/www.abc-tourism.com\/wp-content\/uploads\/2019\/10\/img-4.jpg\" alt=\"img-4\" itemprop=\"image\" height=\"483\" width=\"700\" title=\"img-4\" onerror=\"this.style.display='none'\"  \/>\n\t\t\t\t<img loading=\"lazy\" decoding=\"async\" src=\"https:\/\/www.abc-tourism.com\/wp-content\/uploads\/2019\/10\/vinogradi-img-3.jpg\" alt=\"vinogradi-img-3\" itemprop=\"image\" height=\"483\" width=\"700\" title=\"vinogradi-img-3\" onerror=\"this.style.display='none'\"  \/>\n\t\t\t\t<img loading=\"lazy\" decoding=\"async\" src=\"https:\/\/www.abc-tourism.com\/wp-content\/uploads\/2019\/10\/vinogradi-img-4.jpg\" alt=\"vinogradi-img-4\" itemprop=\"image\" height=\"483\" width=\"700\" title=\"vinogradi-img-4\" onerror=\"this.style.display='none'\"  \/>\n\t\t\t\t<img loading=\"lazy\" decoding=\"async\" src=\"https:\/\/www.abc-tourism.com\/wp-content\/uploads\/2019\/10\/vinogradi-img-5.jpg\" alt=\"vinogradi-img-5\" itemprop=\"image\" height=\"483\" width=\"700\" title=\"vinogradi-img-5\" onerror=\"this.style.display='none'\"  \/>\n\t\t\t\t<img loading=\"lazy\" decoding=\"async\" src=\"https:\/\/www.abc-tourism.com\/wp-content\/uploads\/2019\/10\/vinogradi-img-6.jpg\" alt=\"vinogradi-img-6\" itemprop=\"image\" height=\"483\" width=\"700\" title=\"vinogradi-img-6\" onerror=\"this.style.display='none'\"  \/>\n","protected":false},"excerpt":{"rendered":"<p>Les collines viticoles de la Slov\u00e9nie Les activit\u00e9s les plus populaires dans la r\u00e9gion : les soins de confort et de bien-\u00eatre disponibles dans de nombreuses stations thermales (baignades dans les eaux thermales, saunas, massages, soins m\u00e9dicaux sp\u00e9cialis\u00e9s, entre autres), randonn\u00e9es, cyclisme, \u00e9quitation, p\u00eache, etc. Les collines viticoles de la Slov\u00e9nie Ce toponyme d\u00e9signe toutes&hellip;<\/p>\n","protected":false},"author":1,"featured_media":0,"parent":0,"menu_order":0,"comment_status":"closed","ping_status":"closed","template":"","meta":{"om_disable_all_campaigns":false,"_mi_skip_tracking":false,"_monsterinsights_sitenote_active":false,"_monsterinsights_sitenote_note":"","_monsterinsights_sitenote_category":0,"footnotes":""},"yoast_head":"<!-- This site is optimized with the Yoast SEO plugin v21.6 - https:\/\/yoast.com\/wordpress\/plugins\/seo\/ -->\n<title>Les collines viticoles de la Slov\u00e9nie - ABC Tourism -<\/title>\n<meta name=\"robots\" content=\"index, follow, max-snippet:-1, max-image-preview:large, max-video-preview:-1\" \/>\n<link rel=\"canonical\" href=\"https:\/\/www.abc-tourism.com\/fr\/les-collines-viticoles-de-la-slovenie\/\" \/>\n<meta property=\"og:locale\" content=\"fr_FR\" \/>\n<meta property=\"og:type\" content=\"article\" \/>\n<meta property=\"og:title\" content=\"Les collines viticoles de la Slov\u00e9nie - ABC Tourism -\" \/>\n<meta property=\"og:description\" content=\"Les collines viticoles de la Slov\u00e9nie Les activit\u00e9s les plus populaires dans la r\u00e9gion : les soins de confort et de bien-\u00eatre disponibles dans de nombreuses stations thermales (baignades dans les eaux thermales, saunas, massages, soins m\u00e9dicaux sp\u00e9cialis\u00e9s, entre autres), randonn\u00e9es, cyclisme, \u00e9quitation, p\u00eache, etc. Les collines viticoles de la Slov\u00e9nie Ce toponyme d\u00e9signe toutes&hellip;\" \/>\n<meta property=\"og:url\" content=\"https:\/\/www.abc-tourism.com\/fr\/les-collines-viticoles-de-la-slovenie\/\" \/>\n<meta property=\"og:site_name\" content=\"ABC Tourism -\" \/>\n<meta property=\"article:modified_time\" content=\"2020-03-02T13:44:53+00:00\" \/>\n<meta property=\"og:image\" content=\"https:\/\/www.abc-tourism.com\/wp-content\/plugins\/bb-plugin\/img\/pixel.png\" \/>\n<meta name=\"twitter:card\" content=\"summary_large_image\" \/>\n<meta name=\"twitter:label1\" content=\"Dur\u00e9e de lecture estim\u00e9e\" \/>\n\t<meta name=\"twitter:data1\" content=\"1 minute\" \/>\n<script type=\"application\/ld+json\" class=\"yoast-schema-graph\">{\"@context\":\"https:\/\/schema.org\",\"@graph\":[{\"@type\":\"WebPage\",\"@id\":\"https:\/\/www.abc-tourism.com\/fr\/les-collines-viticoles-de-la-slovenie\/\",\"url\":\"https:\/\/www.abc-tourism.com\/fr\/les-collines-viticoles-de-la-slovenie\/\",\"name\":\"Les collines viticoles de la Slov\u00e9nie - ABC Tourism -\",\"isPartOf\":{\"@id\":\"https:\/\/www.abc-tourism.com\/sl\/#website\"},\"datePublished\":\"2019-03-25T17:00:44+00:00\",\"dateModified\":\"2020-03-02T13:44:53+00:00\",\"breadcrumb\":{\"@id\":\"https:\/\/www.abc-tourism.com\/fr\/les-collines-viticoles-de-la-slovenie\/#breadcrumb\"},\"inLanguage\":\"fr-FR\",\"potentialAction\":[{\"@type\":\"ReadAction\",\"target\":[\"https:\/\/www.abc-tourism.com\/fr\/les-collines-viticoles-de-la-slovenie\/\"]}]},{\"@type\":\"BreadcrumbList\",\"@id\":\"https:\/\/www.abc-tourism.com\/fr\/les-collines-viticoles-de-la-slovenie\/#breadcrumb\",\"itemListElement\":[{\"@type\":\"ListItem\",\"position\":1,\"name\":\"Home\",\"item\":\"https:\/\/www.abc-tourism.com\/fr\/\"},{\"@type\":\"ListItem\",\"position\":2,\"name\":\"Les collines viticoles de la Slov\u00e9nie\"}]},{\"@type\":\"WebSite\",\"@id\":\"https:\/\/www.abc-tourism.com\/sl\/#website\",\"url\":\"https:\/\/www.abc-tourism.com\/sl\/\",\"name\":\"ABC Tourism -\",\"description\":\"Your destination management company in Slovenia\",\"potentialAction\":[{\"@type\":\"SearchAction\",\"target\":{\"@type\":\"EntryPoint\",\"urlTemplate\":\"https:\/\/www.abc-tourism.com\/sl\/?s={search_term_string}\"},\"query-input\":\"required name=search_term_string\"}],\"inLanguage\":\"fr-FR\"}]}<\/script>\n<!-- \/ Yoast SEO plugin. -->","yoast_head_json":{"title":"Les collines viticoles de la Slov\u00e9nie - ABC Tourism -","robots":{"index":"index","follow":"follow","max-snippet":"max-snippet:-1","max-image-preview":"max-image-preview:large","max-video-preview":"max-video-preview:-1"},"canonical":"https:\/\/www.abc-tourism.com\/fr\/les-collines-viticoles-de-la-slovenie\/","og_locale":"fr_FR","og_type":"article","og_title":"Les collines viticoles de la Slov\u00e9nie - ABC Tourism -","og_description":"Les collines viticoles de la Slov\u00e9nie Les activit\u00e9s les plus populaires dans la r\u00e9gion : les soins de confort et de bien-\u00eatre disponibles dans de nombreuses stations thermales (baignades dans les eaux thermales, saunas, massages, soins m\u00e9dicaux sp\u00e9cialis\u00e9s, entre autres), randonn\u00e9es, cyclisme, \u00e9quitation, p\u00eache, etc. Les collines viticoles de la Slov\u00e9nie Ce toponyme d\u00e9signe toutes&hellip;","og_url":"https:\/\/www.abc-tourism.com\/fr\/les-collines-viticoles-de-la-slovenie\/","og_site_name":"ABC Tourism -","article_modified_time":"2020-03-02T13:44:53+00:00","og_image":[{"url":"https:\/\/www.abc-tourism.com\/wp-content\/plugins\/bb-plugin\/img\/pixel.png"}],"twitter_card":"summary_large_image","twitter_misc":{"Dur\u00e9e de lecture estim\u00e9e":"1 minute"},"schema":{"@context":"https:\/\/schema.org","@graph":[{"@type":"WebPage","@id":"https:\/\/www.abc-tourism.com\/fr\/les-collines-viticoles-de-la-slovenie\/","url":"https:\/\/www.abc-tourism.com\/fr\/les-collines-viticoles-de-la-slovenie\/","name":"Les collines viticoles de la Slov\u00e9nie - ABC Tourism -","isPartOf":{"@id":"https:\/\/www.abc-tourism.com\/sl\/#website"},"datePublished":"2019-03-25T17:00:44+00:00","dateModified":"2020-03-02T13:44:53+00:00","breadcrumb":{"@id":"https:\/\/www.abc-tourism.com\/fr\/les-collines-viticoles-de-la-slovenie\/#breadcrumb"},"inLanguage":"fr-FR","potentialAction":[{"@type":"ReadAction","target":["https:\/\/www.abc-tourism.com\/fr\/les-collines-viticoles-de-la-slovenie\/"]}]},{"@type":"BreadcrumbList","@id":"https:\/\/www.abc-tourism.com\/fr\/les-collines-viticoles-de-la-slovenie\/#breadcrumb","itemListElement":[{"@type":"ListItem","position":1,"name":"Home","item":"https:\/\/www.abc-tourism.com\/fr\/"},{"@type":"ListItem","position":2,"name":"Les collines viticoles de la Slov\u00e9nie"}]},{"@type":"WebSite","@id":"https:\/\/www.abc-tourism.com\/sl\/#website","url":"https:\/\/www.abc-tourism.com\/sl\/","name":"ABC Tourism -","description":"Your destination management company in Slovenia","potentialAction":[{"@type":"SearchAction","target":{"@type":"EntryPoint","urlTemplate":"https:\/\/www.abc-tourism.com\/sl\/?s={search_term_string}"},"query-input":"required name=search_term_string"}],"inLanguage":"fr-FR"}]}},"_links":{"self":[{"href":"https:\/\/www.abc-tourism.com\/fr\/wp-json\/wp\/v2\/pages\/1769"}],"collection":[{"href":"https:\/\/www.abc-tourism.com\/fr\/wp-json\/wp\/v2\/pages"}],"about":[{"href":"https:\/\/www.abc-tourism.com\/fr\/wp-json\/wp\/v2\/types\/page"}],"author":[{"embeddable":true,"href":"https:\/\/www.abc-tourism.com\/fr\/wp-json\/wp\/v2\/users\/1"}],"replies":[{"embeddable":true,"href":"https:\/\/www.abc-tourism.com\/fr\/wp-json\/wp\/v2\/comments?post=1769"}],"version-history":[{"count":8,"href":"https:\/\/www.abc-tourism.com\/fr\/wp-json\/wp\/v2\/pages\/1769\/revisions"}],"predecessor-version":[{"id":3270,"href":"https:\/\/www.abc-tourism.com\/fr\/wp-json\/wp\/v2\/pages\/1769\/revisions\/3270"}],"wp:attachment":[{"href":"https:\/\/www.abc-tourism.com\/fr\/wp-json\/wp\/v2\/media?parent=1769"}],"curies":[{"name":"wp","href":"https:\/\/api.w.org\/{rel}","templated":true}]}}