{"id":1767,"date":"2019-03-25T17:01:15","date_gmt":"2019-03-25T17:01:15","guid":{"rendered":"https:\/\/www.abc-tourism.com\/slovene-karst\/"},"modified":"2020-03-02T13:45:38","modified_gmt":"2020-03-02T13:45:38","slug":"le-karst-slovene","status":"publish","type":"page","link":"https:\/\/www.abc-tourism.com\/fr\/le-karst-slovene\/","title":{"rendered":"Le Karst slov\u00e8ne"},"content":{"rendered":"\n\t<h1>Le Karst slov\u00e8ne<\/h1>\n<p>40% du territoire slov\u00e8ne est d\u2019origine karstique.<\/p>\n<h2>\n\t\tLe Karst slov\u00e8ne\n\t<\/h2>\n\t<p>Le Karst (Kras en slov\u00e8ne, Carso en italien) est un haut plateau rocheux calcaire qui s\u2019\u00e9tend sur une superficie relativement modeste en Slov\u00e9nie, mais ce toponyme est \u00e0 l\u2019origine du terme g\u00e9ologique \u00ab\u00a0karst\u00a0\u00bb et, par cons\u00e9quent, \u00ab\u00a0les ph\u00e9nom\u00e8nes karstiques\u00a0\u00bb. Dans certains endroits, ces ph\u00e9nom\u00e8nes se traduisent en paysages pr\u00e9sentant un int\u00e9r\u00eat particulier pour touristes que l\u2019on regroupe ici sous ce titre.<\/p>\n<p>&nbsp;<\/p>\n<p>Vous y trouverez les c\u00e9l\u00e8bres grottes de \u0160kocjan, grottes calcaires class\u00e9es patrimoine mondial par l\u2019UNESCO gr\u00e2ce \u00e0 leur beaut\u00e9 extraordinaire ; les grottes les plus fr\u00e9quent\u00e9es en Slov\u00e9nie \u2013 Postojnska jama, et de nombreuses autres grottes un peu plus difficiles d\u2019acc\u00e8s mais dont la beaut\u00e9 vaut bien tous les efforts.<\/p>\n<p>Le lac intermittent de Cerknica et tr\u00e8s unique aussi : parfois, on y trouve de l\u2019eau\u00a0; d\u2019autres fois il n\u2019y presque rien \u2013 cela d\u00e9pend du jour de votre visite. Pendant des si\u00e8cles, ce lac a captiv\u00e9 l\u2019imagination des hommes, et il ne manquera s\u00fbrement pas \u00e0 vous impressionner.<\/p>\n<p>La petite r\u00e9gion du Karst est \u00e9galement bien connue pour ses petits villages parsem\u00e9s dans la campagne, leurs champs d\u00e9limit\u00e9s par des murs en pierre s\u00e8che. C\u2019est le pays du fameux jambon cru nomm\u00e9 <em>le<\/em> <em>pr\u0161ut<\/em>, du vin et de la bonne ch\u00e8re. Sans oublier le village de Lipica et son haras \u00e0 l\u2019origine de la fameuse race de chevaux gracieux \u2013 les lipizzans. Le Karst est un endroit tr\u00e8s sp\u00e9cial qui ne manquera pas \u00e0 cr\u00e9er des souvenirs durables !<\/p>\n\t\t\t<a href=\"https:\/\/www.abc-tourism.com\/fr\/nous-contacter\/\" target=\"_self\" role=\"button\" rel=\"noopener noreferrer\">\n\t\t\t\t\t\t\tNous contacter\n\t\t\t\t\t<\/a>\n<h2>\n\t\t\u00c0 ne pas manquer\n\t<\/h2>\n\t<ul>\n<li>Les grottes de \u0160kocjan<\/li>\n<li>Les grottes de Postojna<\/li>\n<li>Le ch\u00e2teau de Predjama<\/li>\n<li>Le lac de Cerknica<\/li>\n<li>Lipica<\/li>\n<\/ul>\n<h2>\n\t\tLes principaux centres touristiques:  Postojna\n\t<\/h2>\n<h4>\n\t\tLes activit\u00e9s les plus populaires dans la r\u00e9gion : la sp\u00e9l\u00e9o, randonn\u00e9es, cyclisme, \u00e9quitation, p\u00eache.\n\t<\/h4>\n\t\t\t\t<img decoding=\"async\" src=\"https:\/\/www.abc-tourism.com\/wp-content\/plugins\/bb-plugin\/img\/pixel.png\" alt=\"Alpine Slovenia 10\" itemprop=\"image\" title=\"Alpine Slovenia 10\" onerror=\"this.style.display='none'\"  \/>\n\t\t\t\t<img decoding=\"async\" src=\"https:\/\/www.abc-tourism.com\/wp-content\/plugins\/bb-plugin\/img\/pixel.png\" alt=\"Alpine Slovenia 10\" itemprop=\"image\" title=\"Alpine Slovenia 10\" onerror=\"this.style.display='none'\"  \/>\n\t\t\t\t<img loading=\"lazy\" decoding=\"async\" src=\"https:\/\/www.abc-tourism.com\/wp-content\/uploads\/2019\/10\/about-slovenia-img-3.jpg\" alt=\"about-slovenia-img-3\" itemprop=\"image\" height=\"483\" width=\"700\" title=\"about-slovenia-img-3\" onerror=\"this.style.display='none'\"  \/>\n\t\t\t\t<img loading=\"lazy\" decoding=\"async\" src=\"https:\/\/www.abc-tourism.com\/wp-content\/uploads\/2019\/10\/kras-img-2.jpg\" alt=\"kras-img-2\" itemprop=\"image\" height=\"483\" width=\"700\" title=\"kras-img-2\" onerror=\"this.style.display='none'\"  \/>\n\t\t\t\t<img loading=\"lazy\" decoding=\"async\" src=\"https:\/\/www.abc-tourism.com\/wp-content\/uploads\/2019\/10\/kras-img-3.jpg\" alt=\"kras-img-3\" itemprop=\"image\" height=\"483\" width=\"700\" title=\"kras-img-3\" onerror=\"this.style.display='none'\"  \/>\n\t\t\t\t<img loading=\"lazy\" decoding=\"async\" src=\"https:\/\/www.abc-tourism.com\/wp-content\/uploads\/2019\/10\/kras-img-4.jpg\" alt=\"kras-img-4\" itemprop=\"image\" height=\"483\" width=\"700\" title=\"kras-img-4\" onerror=\"this.style.display='none'\"  \/>\n\t\t\t\t<img loading=\"lazy\" decoding=\"async\" src=\"https:\/\/www.abc-tourism.com\/wp-content\/uploads\/2019\/10\/kras-img-5.jpg\" alt=\"kras-img-5\" itemprop=\"image\" height=\"483\" width=\"700\" title=\"kras-img-5\" onerror=\"this.style.display='none'\"  \/>\n\t\t\t\t<img loading=\"lazy\" decoding=\"async\" src=\"https:\/\/www.abc-tourism.com\/wp-content\/uploads\/2019\/10\/kras-img-6.jpg\" alt=\"kras-img-6\" itemprop=\"image\" height=\"483\" width=\"700\" title=\"kras-img-6\" onerror=\"this.style.display='none'\"  \/>\n","protected":false},"excerpt":{"rendered":"<p>Le Karst slov\u00e8ne 40% du territoire slov\u00e8ne est d\u2019origine karstique. Le Karst slov\u00e8ne Le Karst (Kras en slov\u00e8ne, Carso en italien) est un haut plateau rocheux calcaire qui s\u2019\u00e9tend sur une superficie relativement modeste en Slov\u00e9nie, mais ce toponyme est \u00e0 l\u2019origine du terme g\u00e9ologique \u00ab\u00a0karst\u00a0\u00bb et, par cons\u00e9quent, \u00ab\u00a0les ph\u00e9nom\u00e8nes karstiques\u00a0\u00bb. Dans certains endroits,&hellip;<\/p>\n","protected":false},"author":1,"featured_media":0,"parent":0,"menu_order":0,"comment_status":"closed","ping_status":"closed","template":"","meta":{"om_disable_all_campaigns":false,"_mi_skip_tracking":false,"_monsterinsights_sitenote_active":false,"_monsterinsights_sitenote_note":"","_monsterinsights_sitenote_category":0,"footnotes":""},"yoast_head":"<!-- This site is optimized with the Yoast SEO plugin v21.6 - https:\/\/yoast.com\/wordpress\/plugins\/seo\/ -->\n<title>Le Karst slov\u00e8ne - ABC Tourism -<\/title>\n<meta name=\"description\" content=\"The Slovene Karst, a limestone plateau that covers only a relatively small part of Slovenia, gave the name to the so-called karst phenomena. Contact us.\" \/>\n<meta name=\"robots\" content=\"index, follow, max-snippet:-1, max-image-preview:large, max-video-preview:-1\" \/>\n<link rel=\"canonical\" href=\"https:\/\/www.abc-tourism.com\/fr\/le-karst-slovene\/\" \/>\n<meta property=\"og:locale\" content=\"fr_FR\" \/>\n<meta property=\"og:type\" content=\"article\" \/>\n<meta property=\"og:title\" content=\"Le Karst slov\u00e8ne - ABC Tourism -\" \/>\n<meta property=\"og:description\" content=\"The Slovene Karst, a limestone plateau that covers only a relatively small part of Slovenia, gave the name to the so-called karst phenomena. Contact us.\" \/>\n<meta property=\"og:url\" content=\"https:\/\/www.abc-tourism.com\/fr\/le-karst-slovene\/\" \/>\n<meta property=\"og:site_name\" content=\"ABC Tourism -\" \/>\n<meta property=\"article:modified_time\" content=\"2020-03-02T13:45:38+00:00\" \/>\n<meta property=\"og:image\" content=\"https:\/\/www.abc-tourism.com\/wp-content\/plugins\/bb-plugin\/img\/pixel.png\" \/>\n<meta name=\"twitter:card\" content=\"summary_large_image\" \/>\n<meta name=\"twitter:label1\" content=\"Dur\u00e9e de lecture estim\u00e9e\" \/>\n\t<meta name=\"twitter:data1\" content=\"2 minutes\" \/>\n<script type=\"application\/ld+json\" class=\"yoast-schema-graph\">{\"@context\":\"https:\/\/schema.org\",\"@graph\":[{\"@type\":\"WebPage\",\"@id\":\"https:\/\/www.abc-tourism.com\/fr\/le-karst-slovene\/\",\"url\":\"https:\/\/www.abc-tourism.com\/fr\/le-karst-slovene\/\",\"name\":\"Le Karst slov\u00e8ne - ABC Tourism -\",\"isPartOf\":{\"@id\":\"https:\/\/www.abc-tourism.com\/sl\/#website\"},\"datePublished\":\"2019-03-25T17:01:15+00:00\",\"dateModified\":\"2020-03-02T13:45:38+00:00\",\"description\":\"The Slovene Karst, a limestone plateau that covers only a relatively small part of Slovenia, gave the name to the so-called karst phenomena. Contact us.\",\"breadcrumb\":{\"@id\":\"https:\/\/www.abc-tourism.com\/fr\/le-karst-slovene\/#breadcrumb\"},\"inLanguage\":\"fr-FR\",\"potentialAction\":[{\"@type\":\"ReadAction\",\"target\":[\"https:\/\/www.abc-tourism.com\/fr\/le-karst-slovene\/\"]}]},{\"@type\":\"BreadcrumbList\",\"@id\":\"https:\/\/www.abc-tourism.com\/fr\/le-karst-slovene\/#breadcrumb\",\"itemListElement\":[{\"@type\":\"ListItem\",\"position\":1,\"name\":\"Home\",\"item\":\"https:\/\/www.abc-tourism.com\/fr\/\"},{\"@type\":\"ListItem\",\"position\":2,\"name\":\"Le Karst slov\u00e8ne\"}]},{\"@type\":\"WebSite\",\"@id\":\"https:\/\/www.abc-tourism.com\/sl\/#website\",\"url\":\"https:\/\/www.abc-tourism.com\/sl\/\",\"name\":\"ABC Tourism -\",\"description\":\"Your destination management company in Slovenia\",\"potentialAction\":[{\"@type\":\"SearchAction\",\"target\":{\"@type\":\"EntryPoint\",\"urlTemplate\":\"https:\/\/www.abc-tourism.com\/sl\/?s={search_term_string}\"},\"query-input\":\"required name=search_term_string\"}],\"inLanguage\":\"fr-FR\"}]}<\/script>\n<!-- \/ Yoast SEO plugin. -->","yoast_head_json":{"title":"Le Karst slov\u00e8ne - ABC Tourism -","description":"The Slovene Karst, a limestone plateau that covers only a relatively small part of Slovenia, gave the name to the so-called karst phenomena. Contact us.","robots":{"index":"index","follow":"follow","max-snippet":"max-snippet:-1","max-image-preview":"max-image-preview:large","max-video-preview":"max-video-preview:-1"},"canonical":"https:\/\/www.abc-tourism.com\/fr\/le-karst-slovene\/","og_locale":"fr_FR","og_type":"article","og_title":"Le Karst slov\u00e8ne - ABC Tourism -","og_description":"The Slovene Karst, a limestone plateau that covers only a relatively small part of Slovenia, gave the name to the so-called karst phenomena. Contact us.","og_url":"https:\/\/www.abc-tourism.com\/fr\/le-karst-slovene\/","og_site_name":"ABC Tourism -","article_modified_time":"2020-03-02T13:45:38+00:00","og_image":[{"url":"https:\/\/www.abc-tourism.com\/wp-content\/plugins\/bb-plugin\/img\/pixel.png"}],"twitter_card":"summary_large_image","twitter_misc":{"Dur\u00e9e de lecture estim\u00e9e":"2 minutes"},"schema":{"@context":"https:\/\/schema.org","@graph":[{"@type":"WebPage","@id":"https:\/\/www.abc-tourism.com\/fr\/le-karst-slovene\/","url":"https:\/\/www.abc-tourism.com\/fr\/le-karst-slovene\/","name":"Le Karst slov\u00e8ne - ABC Tourism -","isPartOf":{"@id":"https:\/\/www.abc-tourism.com\/sl\/#website"},"datePublished":"2019-03-25T17:01:15+00:00","dateModified":"2020-03-02T13:45:38+00:00","description":"The Slovene Karst, a limestone plateau that covers only a relatively small part of Slovenia, gave the name to the so-called karst phenomena. Contact us.","breadcrumb":{"@id":"https:\/\/www.abc-tourism.com\/fr\/le-karst-slovene\/#breadcrumb"},"inLanguage":"fr-FR","potentialAction":[{"@type":"ReadAction","target":["https:\/\/www.abc-tourism.com\/fr\/le-karst-slovene\/"]}]},{"@type":"BreadcrumbList","@id":"https:\/\/www.abc-tourism.com\/fr\/le-karst-slovene\/#breadcrumb","itemListElement":[{"@type":"ListItem","position":1,"name":"Home","item":"https:\/\/www.abc-tourism.com\/fr\/"},{"@type":"ListItem","position":2,"name":"Le Karst slov\u00e8ne"}]},{"@type":"WebSite","@id":"https:\/\/www.abc-tourism.com\/sl\/#website","url":"https:\/\/www.abc-tourism.com\/sl\/","name":"ABC Tourism -","description":"Your destination management company in Slovenia","potentialAction":[{"@type":"SearchAction","target":{"@type":"EntryPoint","urlTemplate":"https:\/\/www.abc-tourism.com\/sl\/?s={search_term_string}"},"query-input":"required name=search_term_string"}],"inLanguage":"fr-FR"}]}},"_links":{"self":[{"href":"https:\/\/www.abc-tourism.com\/fr\/wp-json\/wp\/v2\/pages\/1767"}],"collection":[{"href":"https:\/\/www.abc-tourism.com\/fr\/wp-json\/wp\/v2\/pages"}],"about":[{"href":"https:\/\/www.abc-tourism.com\/fr\/wp-json\/wp\/v2\/types\/page"}],"author":[{"embeddable":true,"href":"https:\/\/www.abc-tourism.com\/fr\/wp-json\/wp\/v2\/users\/1"}],"replies":[{"embeddable":true,"href":"https:\/\/www.abc-tourism.com\/fr\/wp-json\/wp\/v2\/comments?post=1767"}],"version-history":[{"count":8,"href":"https:\/\/www.abc-tourism.com\/fr\/wp-json\/wp\/v2\/pages\/1767\/revisions"}],"predecessor-version":[{"id":3271,"href":"https:\/\/www.abc-tourism.com\/fr\/wp-json\/wp\/v2\/pages\/1767\/revisions\/3271"}],"wp:attachment":[{"href":"https:\/\/www.abc-tourism.com\/fr\/wp-json\/wp\/v2\/media?parent=1767"}],"curies":[{"name":"wp","href":"https:\/\/api.w.org\/{rel}","templated":true}]}}